{"id":2,"date":"2020-11-16T14:36:11","date_gmt":"2020-11-16T13:36:11","guid":{"rendered":"http:\/\/localhost\/wordpress\/?page_id=2"},"modified":"2020-12-04T18:20:00","modified_gmt":"2020-12-04T17:20:00","slug":"zkusebni-stranka","status":"publish","type":"page","link":"https:\/\/cataleya-massage.com\/en\/zkusebni-stranka\/","title":{"rendered":"Zku\u0161ebn\u00ed str\u00e1nka"},"content":{"rendered":"<p><\/p>\n\n\n\n<div class=\"cta-container\"><h2 style=\"color:black\">Test<\/h2><p>ahoj<\/p><\/div>","protected":false},"excerpt":{"rendered":"","protected":false},"author":1,"featured_media":84,"parent":0,"menu_order":0,"comment_status":"closed","ping_status":"open","template":"","meta":{"footnotes":""},"_links":{"self":[{"href":"https:\/\/cataleya-massage.com\/en\/wp-json\/wp\/v2\/pages\/2"}],"collection":[{"href":"https:\/\/cataleya-massage.com\/en\/wp-json\/wp\/v2\/pages"}],"about":[{"href":"https:\/\/cataleya-massage.com\/en\/wp-json\/wp\/v2\/types\/page"}],"author":[{"embeddable":true,"href":"https:\/\/cataleya-massage.com\/en\/wp-json\/wp\/v2\/users\/1"}],"replies":[{"embeddable":true,"href":"https:\/\/cataleya-massage.com\/en\/wp-json\/wp\/v2\/comments?post=2"}],"version-history":[{"count":25,"href":"https:\/\/cataleya-massage.com\/en\/wp-json\/wp\/v2\/pages\/2\/revisions"}],"predecessor-version":[{"id":474,"href":"https:\/\/cataleya-massage.com\/en\/wp-json\/wp\/v2\/pages\/2\/revisions\/474"}],"wp:featuredmedia":[{"embeddable":true,"href":"https:\/\/cataleya-massage.com\/en\/wp-json\/wp\/v2\/media\/84"}],"wp:attachment":[{"href":"https:\/\/cataleya-massage.com\/en\/wp-json\/wp\/v2\/media?parent=2"}],"curies":[{"name":"wp","href":"https:\/\/api.w.org\/{rel}","templated":true}]}}