{"id":304,"date":"2020-11-21T18:50:31","date_gmt":"2020-11-21T17:50:31","guid":{"rendered":"http:\/\/localhost\/wordpress\/?page_id=304"},"modified":"2024-04-07T10:42:48","modified_gmt":"2024-04-07T08:42:48","slug":"dauerkarte-gutscheine","status":"publish","type":"page","link":"https:\/\/cataleya-massage.com\/en\/dauerkarte-gutscheine\/","title":{"rendered":"Permanent ticket - Voucher"},"content":{"rendered":"<h2 class=\"wp-block-heading\">Preisliste g\u00fcltig ab Oktober 2024<\/h2>\n\n\n\n<p>Permanent tickets are transferable and valid for 3 years. The tickets are valid for 5\/10 enters. You must make an appointment for a massage. When booking, you must state the ID of the voucher\/permanent ticket and the desired massage. <a href=\"https:\/\/cataleya-massage.com\/kontakt\/\" data-type=\"page\" data-id=\"8\">vereinbaren<\/a>. When booking, you must state the number of the voucher\/pass and the desired massage.<\/p>\n\n\n\n<p><strong>For example: Number p. 1234 Back and neck massage<\/strong><\/p>\n\n\n\n<h2 class=\"wp-block-heading\"><span style=\"background-color:rgba(0, 0, 0, 0)\" class=\"has-inline-color has-pale-pink-color\">Permanent tickets are valid for Thai and sports massages.<\/span> Not valid for weekend massages.<\/h2>\n\n\n\n<p>Cancellation is possible up to 1 day before the massage at the latest. On the day of the massage, it is not possible to cancel the order or rebook to another date. In this case, the deposit or the entrance fee paid will be forfeited.<\/p>\n\n\n\n<figure class=\"wp-block-table is-style-stripes\"><table><thead><tr><th><strong>Number of enters<\/strong><\/th><th>Duration of the massage<\/th><th>Price<\/th><\/tr><\/thead><tbody><tr><th>10 <\/th><th>30 minutes<br><strong>60 minutes<\/strong><br><strong>90 minutes<\/strong><\/th><th>200\u20ac<br>400\u20ac<br>600\u20ac<\/th><\/tr><tr><th><strong>5<\/strong><\/th><th><strong>30 minutes<\/strong><br><strong>60 minutes<\/strong><br><strong>90 minutes<\/strong><\/th><th>125\u20ac<br>225\u20ac<br>325\u20ac <\/th><\/tr><\/tbody><\/table><\/figure>\n\n\n\n<div style=\"height:20px\" aria-hidden=\"true\" class=\"wp-block-spacer\"><\/div>\n\n\n\n<h3 class=\"wp-block-heading has-text-align-center\"><strong>Permanent tickets<\/strong> and <strong>vouchers<\/strong> can be bought here <a href=\"\/eshop\"><button class=\"btn btn-primary\">Store<\/button><\/a><\/h3>","protected":false},"excerpt":{"rendered":"<p>Preisliste g\u00fcltig ab Oktober 2024 Die P\u00e4sse sind \u00fcbertragbar und 3 Jahre lang g\u00fcltig. Die P\u00e4sse gelten f\u00fcr 5\/10 Eintritte. [&hellip;]<\/p>","protected":false},"author":1,"featured_media":84,"parent":0,"menu_order":0,"comment_status":"closed","ping_status":"closed","template":"","meta":{"footnotes":""},"_links":{"self":[{"href":"https:\/\/cataleya-massage.com\/en\/wp-json\/wp\/v2\/pages\/304"}],"collection":[{"href":"https:\/\/cataleya-massage.com\/en\/wp-json\/wp\/v2\/pages"}],"about":[{"href":"https:\/\/cataleya-massage.com\/en\/wp-json\/wp\/v2\/types\/page"}],"author":[{"embeddable":true,"href":"https:\/\/cataleya-massage.com\/en\/wp-json\/wp\/v2\/users\/1"}],"replies":[{"embeddable":true,"href":"https:\/\/cataleya-massage.com\/en\/wp-json\/wp\/v2\/comments?post=304"}],"version-history":[{"count":21,"href":"https:\/\/cataleya-massage.com\/en\/wp-json\/wp\/v2\/pages\/304\/revisions"}],"predecessor-version":[{"id":8495,"href":"https:\/\/cataleya-massage.com\/en\/wp-json\/wp\/v2\/pages\/304\/revisions\/8495"}],"wp:featuredmedia":[{"embeddable":true,"href":"https:\/\/cataleya-massage.com\/en\/wp-json\/wp\/v2\/media\/84"}],"wp:attachment":[{"href":"https:\/\/cataleya-massage.com\/en\/wp-json\/wp\/v2\/media?parent=304"}],"curies":[{"name":"wp","href":"https:\/\/api.w.org\/{rel}","templated":true}]}}