{"id":545,"date":"2020-12-05T23:33:42","date_gmt":"2020-12-05T22:33:42","guid":{"rendered":"http:\/\/localhost\/wordpress\/?page_id=545"},"modified":"2024-04-23T21:54:46","modified_gmt":"2024-04-23T19:54:46","slug":"zahlungsarten-und-transport","status":"publish","type":"page","link":"https:\/\/cataleya-massage.com\/en\/zahlungsarten-und-transport\/","title":{"rendered":"Zahlungsmodalit\u00e4ten und Transport"},"content":{"rendered":"<p>Wenn Sie in unserem Shop bestellen, k\u00f6nnen Sie zwischen verschiedenen Zahlungsarten und Versandarten w\u00e4hlen.<\/p>\n\n\n\n<h3 class=\"wp-block-heading\">Zahlungsarten<\/h3>\n\n\n\n<ul>\n<li>Bank\u00fcberweisung\n<ul>\n<li>Die Zahlung f\u00fcr die Bestellung erfolgt per \u00dcberweisung auf unser Konto mit dem angegebenen variablen Symbol. Sobald wir die Zahlung erhalten haben, wird Ihre Bestellung bearbeitet (je nach Bank dauert es 1-3 Tage, bis die Zahlung eingeht).<\/li>\n<\/ul>\n<\/li>\n<\/ul>\n\n\n\n<h3 class=\"wp-block-heading\">Transport<\/h3>\n\n\n\n<p>Der Inhalt unseres E-Shops besteht aus Gutscheinen (Gutscheine\/Dauerkarte). Nach der Bestellung wird ein Gutschein generiert und je nach gew\u00e4hlter Versandart wird der Gutschein ausgeh\u00e4ndigt.<\/p>\n\n\n\n<ul>\n<li>Online\n<ul>\n<li>Nach der Bezahlung der Bestellung wird ein Gutschein im PDF-Format an Ihre E-Mail geschickt. Es liegt an Ihnen, was Sie damit machen.<\/li>\n\n\n\n<li><strong>Hinweis: Der Gutschein wird sp\u00e4testens 1 Tag nach Eingang Ihrer Zahlung versandt.<\/strong><\/li>\n<\/ul>\n<\/li>\n<\/ul>","protected":false},"excerpt":{"rendered":"<p>Wenn Sie in unserem Shop bestellen, k\u00f6nnen Sie zwischen verschiedenen Zahlungsarten und Versandarten w\u00e4hlen. Zahlungsarten Transport Der Inhalt unseres E-Shops [&hellip;]<\/p>","protected":false},"author":1,"featured_media":84,"parent":0,"menu_order":0,"comment_status":"closed","ping_status":"closed","template":"","meta":{"footnotes":""},"_links":{"self":[{"href":"https:\/\/cataleya-massage.com\/en\/wp-json\/wp\/v2\/pages\/545"}],"collection":[{"href":"https:\/\/cataleya-massage.com\/en\/wp-json\/wp\/v2\/pages"}],"about":[{"href":"https:\/\/cataleya-massage.com\/en\/wp-json\/wp\/v2\/types\/page"}],"author":[{"embeddable":true,"href":"https:\/\/cataleya-massage.com\/en\/wp-json\/wp\/v2\/users\/1"}],"replies":[{"embeddable":true,"href":"https:\/\/cataleya-massage.com\/en\/wp-json\/wp\/v2\/comments?post=545"}],"version-history":[{"count":8,"href":"https:\/\/cataleya-massage.com\/en\/wp-json\/wp\/v2\/pages\/545\/revisions"}],"predecessor-version":[{"id":8558,"href":"https:\/\/cataleya-massage.com\/en\/wp-json\/wp\/v2\/pages\/545\/revisions\/8558"}],"wp:featuredmedia":[{"embeddable":true,"href":"https:\/\/cataleya-massage.com\/en\/wp-json\/wp\/v2\/media\/84"}],"wp:attachment":[{"href":"https:\/\/cataleya-massage.com\/en\/wp-json\/wp\/v2\/media?parent=545"}],"curies":[{"name":"wp","href":"https:\/\/api.w.org\/{rel}","templated":true}]}}