{"id":608,"date":"2020-12-06T21:02:00","date_gmt":"2020-12-06T20:02:00","guid":{"rendered":"https:\/\/wip.themulti.eu\/?post_type=product&#038;p=608"},"modified":"2024-08-31T13:22:53","modified_gmt":"2024-08-31T11:22:53","slug":"thai-ol-massage","status":"publish","type":"product","link":"https:\/\/cataleya-massage.com\/en\/product\/thai-ol-massage\/","title":{"rendered":"Thai oil massage"},"content":{"rendered":"<p>Es handelt sich um eine Kombination aus klassischer Thai-Massage und einer Ganzk\u00f6rpermassage mit \u00d6l, die zur Entspannung beitr\u00e4gt, M\u00fcdigkeit und Schmerzen beseitigt und die geistige und k\u00f6rperliche Harmonie f\u00f6rdert.<\/p>\n<p>Sie ist die beliebteste in unserem Salon.<\/p>","protected":false},"excerpt":{"rendered":"<p>This type of massage is particularly effective in relieving tension.<\/p>","protected":false},"featured_media":8530,"template":"","meta":[],"product_cat":[19],"product_tag":[56],"_links":{"self":[{"href":"https:\/\/cataleya-massage.com\/en\/wp-json\/wp\/v2\/product\/608"}],"collection":[{"href":"https:\/\/cataleya-massage.com\/en\/wp-json\/wp\/v2\/product"}],"about":[{"href":"https:\/\/cataleya-massage.com\/en\/wp-json\/wp\/v2\/types\/product"}],"wp:featuredmedia":[{"embeddable":true,"href":"https:\/\/cataleya-massage.com\/en\/wp-json\/wp\/v2\/media\/8530"}],"wp:attachment":[{"href":"https:\/\/cataleya-massage.com\/en\/wp-json\/wp\/v2\/media?parent=608"}],"wp:term":[{"taxonomy":"product_cat","embeddable":true,"href":"https:\/\/cataleya-massage.com\/en\/wp-json\/wp\/v2\/product_cat?post=608"},{"taxonomy":"product_tag","embeddable":true,"href":"https:\/\/cataleya-massage.com\/en\/wp-json\/wp\/v2\/product_tag?post=608"}],"curies":[{"name":"wp","href":"https:\/\/api.w.org\/{rel}","templated":true}]}}