{"id":626,"date":"2020-12-09T22:04:18","date_gmt":"2020-12-09T21:04:18","guid":{"rendered":"https:\/\/wip.themulti.eu\/?post_type=product&#038;p=626"},"modified":"2024-08-31T13:27:04","modified_gmt":"2024-08-31T11:27:04","slug":"massage-mit-lavasteinen","status":"publish","type":"product","link":"https:\/\/cataleya-massage.com\/en\/product\/massage-mit-lavasteinen\/","title":{"rendered":"Massage with lava stones"},"content":{"rendered":"<p>W\u00e4hrend der Massage werden die Steine \u00fcber den K\u00f6rper des Kunden gestrichen und die steifen Muskeln werden allm\u00e4hlich massiert.<\/p>\n<p>Die Massage mit Lavasteinen ist eine hervorragende Entspannung.<\/p>\n<p>Die Wirkung der W\u00e4rme entspannt verspannte Muskeln und Blockaden, aber auch Stress und Nervosit\u00e4t.<br \/>\n<strong>It is ideal in cold, rain and winter season.<\/strong><\/p>","protected":false},"excerpt":{"rendered":"<p>The basics of therapy consist in the use of special techniques.<\/p>","protected":false},"featured_media":8529,"template":"","meta":[],"product_cat":[19],"product_tag":[56],"_links":{"self":[{"href":"https:\/\/cataleya-massage.com\/en\/wp-json\/wp\/v2\/product\/626"}],"collection":[{"href":"https:\/\/cataleya-massage.com\/en\/wp-json\/wp\/v2\/product"}],"about":[{"href":"https:\/\/cataleya-massage.com\/en\/wp-json\/wp\/v2\/types\/product"}],"wp:featuredmedia":[{"embeddable":true,"href":"https:\/\/cataleya-massage.com\/en\/wp-json\/wp\/v2\/media\/8529"}],"wp:attachment":[{"href":"https:\/\/cataleya-massage.com\/en\/wp-json\/wp\/v2\/media?parent=626"}],"wp:term":[{"taxonomy":"product_cat","embeddable":true,"href":"https:\/\/cataleya-massage.com\/en\/wp-json\/wp\/v2\/product_cat?post=626"},{"taxonomy":"product_tag","embeddable":true,"href":"https:\/\/cataleya-massage.com\/en\/wp-json\/wp\/v2\/product_tag?post=626"}],"curies":[{"name":"wp","href":"https:\/\/api.w.org\/{rel}","templated":true}]}}