{"id":725,"date":"2020-12-10T21:52:31","date_gmt":"2020-12-10T20:52:31","guid":{"rendered":"https:\/\/wip.themulti.eu\/?post_type=product&#038;p=725"},"modified":"2024-08-31T13:32:28","modified_gmt":"2024-08-31T11:32:28","slug":"schropfen","status":"publish","type":"product","link":"https:\/\/cataleya-massage.com\/en\/product\/schropfen\/","title":{"rendered":"Cupping"},"content":{"rendered":"<p>Das Schr\u00f6pfen ist eine geeignete Erg\u00e4nzungsmethode zu den klassischen Massagen. Schr\u00f6pfen kann Schmerzen im Bereich der Wirbels\u00e4ule und des Bewegungsapparates beseitigen und wirkt sich auch positiv auf die Funktion der inneren Organe aus. Beim Schr\u00f6pfen wird der K\u00f6rper aufgew\u00e4rmt und entspannt.<\/p>\n<p><strong>Das Prinzip ist einfach: Das Fl\u00e4schchen wird durch den Unterdruck auf die schmerzende Stelle gedr\u00fcckt und erf\u00fcllt damit den gleichen Zweck wie eine klassische Massage.<\/strong><\/p>","protected":false},"excerpt":{"rendered":"<p>Das Schr\u00f6pfen ist eine geeignete Erg\u00e4nzungsmethode zu den klassischen Massagen. Schr\u00f6pfen kann Schmerzen im Bereich der Wirbels\u00e4ule und des Bewegungsapparates [&hellip;]<\/p>","protected":false},"featured_media":8527,"template":"","meta":[],"product_cat":[19],"product_tag":[],"_links":{"self":[{"href":"https:\/\/cataleya-massage.com\/en\/wp-json\/wp\/v2\/product\/725"}],"collection":[{"href":"https:\/\/cataleya-massage.com\/en\/wp-json\/wp\/v2\/product"}],"about":[{"href":"https:\/\/cataleya-massage.com\/en\/wp-json\/wp\/v2\/types\/product"}],"wp:featuredmedia":[{"embeddable":true,"href":"https:\/\/cataleya-massage.com\/en\/wp-json\/wp\/v2\/media\/8527"}],"wp:attachment":[{"href":"https:\/\/cataleya-massage.com\/en\/wp-json\/wp\/v2\/media?parent=725"}],"wp:term":[{"taxonomy":"product_cat","embeddable":true,"href":"https:\/\/cataleya-massage.com\/en\/wp-json\/wp\/v2\/product_cat?post=725"},{"taxonomy":"product_tag","embeddable":true,"href":"https:\/\/cataleya-massage.com\/en\/wp-json\/wp\/v2\/product_tag?post=725"}],"curies":[{"name":"wp","href":"https:\/\/api.w.org\/{rel}","templated":true}]}}