{"id":729,"date":"2020-12-10T21:52:33","date_gmt":"2020-12-10T20:52:33","guid":{"rendered":"https:\/\/wip.themulti.eu\/?post_type=product&#038;p=729"},"modified":"2024-08-31T13:34:24","modified_gmt":"2024-08-31T11:34:24","slug":"honig-ruckenmassage","status":"publish","type":"product","link":"https:\/\/cataleya-massage.com\/en\/product\/honig-ruckenmassage\/","title":{"rendered":"Honey massage"},"content":{"rendered":"<p>Eine sehr wirksame und gr\u00fcndliche Entgiftungsmethode. Die Entgiftung beruht auf der Heilkraft des Honigs, erg\u00e4nzt durch die richtige Massagetechnik, die die Giftstoffe buchst\u00e4blich aus dem K\u00f6rper saugt. Die im Honig enthaltenen biologisch aktiven Substanzen absorbieren die Giftstoffe und f\u00f6rdern deren schnelle Ausscheidung.<\/p>","protected":false},"excerpt":{"rendered":"<p>Honey massage is an ancient proven healing detoxification method.<\/p>","protected":false},"featured_media":8526,"template":"","meta":[],"product_cat":[19],"product_tag":[56],"_links":{"self":[{"href":"https:\/\/cataleya-massage.com\/en\/wp-json\/wp\/v2\/product\/729"}],"collection":[{"href":"https:\/\/cataleya-massage.com\/en\/wp-json\/wp\/v2\/product"}],"about":[{"href":"https:\/\/cataleya-massage.com\/en\/wp-json\/wp\/v2\/types\/product"}],"wp:featuredmedia":[{"embeddable":true,"href":"https:\/\/cataleya-massage.com\/en\/wp-json\/wp\/v2\/media\/8526"}],"wp:attachment":[{"href":"https:\/\/cataleya-massage.com\/en\/wp-json\/wp\/v2\/media?parent=729"}],"wp:term":[{"taxonomy":"product_cat","embeddable":true,"href":"https:\/\/cataleya-massage.com\/en\/wp-json\/wp\/v2\/product_cat?post=729"},{"taxonomy":"product_tag","embeddable":true,"href":"https:\/\/cataleya-massage.com\/en\/wp-json\/wp\/v2\/product_tag?post=729"}],"curies":[{"name":"wp","href":"https:\/\/api.w.org\/{rel}","templated":true}]}}