{"id":739,"date":"2020-12-11T01:26:30","date_gmt":"2020-12-11T00:26:30","guid":{"rendered":"https:\/\/wip.themulti.eu\/?post_type=product&#038;p=739"},"modified":"2024-08-31T13:37:00","modified_gmt":"2024-08-31T11:37:00","slug":"traditionelle-thai-massage","status":"publish","type":"product","link":"https:\/\/cataleya-massage.com\/en\/product\/traditionelle-thai-massage\/","title":{"rendered":"Traditional Thai massage"},"content":{"rendered":"<p>Trockenmassage, ohne die Verwendung von \u00d6len. Im Gegensatz zu traditionellen Massagen, bei denen der Masseur haupts\u00e4chlich die Kraft seiner Muskeln einsetzt, z.B. um die Muskeln zu kneten, nutzt die Thai-Massage das K\u00f6rpergewicht des Masseurs f\u00fcr verschiedene Hebel von Dehnungs\u00fcbungen und Druck seiner Daumen, Handfl\u00e4chen, F\u00fc\u00dfe, manchmal sogar Knie und Ellenbogen.<\/p>","protected":false},"excerpt":{"rendered":"<p>Trockenmassage, ohne die Verwendung von \u00d6len. Im Gegensatz zu traditionellen Massagen, bei denen der Masseur haupts\u00e4chlich die Kraft seiner Muskeln [&hellip;]<\/p>","protected":false},"featured_media":8525,"template":"","meta":[],"product_cat":[19],"product_tag":[],"_links":{"self":[{"href":"https:\/\/cataleya-massage.com\/en\/wp-json\/wp\/v2\/product\/739"}],"collection":[{"href":"https:\/\/cataleya-massage.com\/en\/wp-json\/wp\/v2\/product"}],"about":[{"href":"https:\/\/cataleya-massage.com\/en\/wp-json\/wp\/v2\/types\/product"}],"wp:featuredmedia":[{"embeddable":true,"href":"https:\/\/cataleya-massage.com\/en\/wp-json\/wp\/v2\/media\/8525"}],"wp:attachment":[{"href":"https:\/\/cataleya-massage.com\/en\/wp-json\/wp\/v2\/media?parent=739"}],"wp:term":[{"taxonomy":"product_cat","embeddable":true,"href":"https:\/\/cataleya-massage.com\/en\/wp-json\/wp\/v2\/product_cat?post=739"},{"taxonomy":"product_tag","embeddable":true,"href":"https:\/\/cataleya-massage.com\/en\/wp-json\/wp\/v2\/product_tag?post=739"}],"curies":[{"name":"wp","href":"https:\/\/api.w.org\/{rel}","templated":true}]}}