{"id":751,"date":"2020-12-11T01:52:04","date_gmt":"2020-12-11T00:52:04","guid":{"rendered":"https:\/\/wip.themulti.eu\/?post_type=product&#038;p=751"},"modified":"2024-08-31T13:42:49","modified_gmt":"2024-08-31T11:42:49","slug":"rucken-und-nackenmassage","status":"publish","type":"product","link":"https:\/\/cataleya-massage.com\/en\/product\/rucken-und-nackenmassage\/","title":{"rendered":"Back and neck massage"},"content":{"rendered":"<p>Es handelt sich um eine intensive, aber sanft durchgef\u00fchrte Massage von Nacken, Hals, Schultern und Armen. Sie konzentriert sich darauf, steife Nackenmuskeln zu l\u00f6sen, die starke Kopfschmerzen, Migr\u00e4ne, Schulter- oder R\u00fcckenschmerzen verursachen k\u00f6nnen.<\/p>","protected":false},"excerpt":{"rendered":"<p>Es handelt sich um eine intensive, aber sanft durchgef\u00fchrte Massage von Nacken, Hals, Schultern und Armen. Sie konzentriert sich darauf, [&hellip;]<\/p>","protected":false},"featured_media":8523,"template":"","meta":[],"product_cat":[19],"product_tag":[],"_links":{"self":[{"href":"https:\/\/cataleya-massage.com\/en\/wp-json\/wp\/v2\/product\/751"}],"collection":[{"href":"https:\/\/cataleya-massage.com\/en\/wp-json\/wp\/v2\/product"}],"about":[{"href":"https:\/\/cataleya-massage.com\/en\/wp-json\/wp\/v2\/types\/product"}],"wp:featuredmedia":[{"embeddable":true,"href":"https:\/\/cataleya-massage.com\/en\/wp-json\/wp\/v2\/media\/8523"}],"wp:attachment":[{"href":"https:\/\/cataleya-massage.com\/en\/wp-json\/wp\/v2\/media?parent=751"}],"wp:term":[{"taxonomy":"product_cat","embeddable":true,"href":"https:\/\/cataleya-massage.com\/en\/wp-json\/wp\/v2\/product_cat?post=751"},{"taxonomy":"product_tag","embeddable":true,"href":"https:\/\/cataleya-massage.com\/en\/wp-json\/wp\/v2\/product_tag?post=751"}],"curies":[{"name":"wp","href":"https:\/\/api.w.org\/{rel}","templated":true}]}}