{"id":757,"date":"2020-12-11T02:04:59","date_gmt":"2020-12-11T01:04:59","guid":{"rendered":"https:\/\/wip.themulti.eu\/?post_type=product&#038;p=757"},"modified":"2024-08-31T13:44:09","modified_gmt":"2024-08-31T11:44:09","slug":"entspannung-sport-massage","status":"publish","type":"product","link":"https:\/\/cataleya-massage.com\/en\/product\/entspannung-sport-massage\/","title":{"rendered":"Relaxation and sports massage"},"content":{"rendered":"<p>Entspannungsmassagen sind besonders wichtig in der heutigen hektischen Welt, in der Stress als Hauptursache f\u00fcr viele k\u00f6rperliche und geistige Probleme gilt.<\/p>\n<p>Die Sportmassage wirkt auf die Tiefenmuskulatur, l\u00f6st Verspannungen und Steifheit. Sie entspannt und dehnt Muskeln, die durch Verspannungen angespannt und verk\u00fcrzt sind, und hilft so, die nat\u00fcrliche Flexibilit\u00e4t des K\u00f6rpers wiederherzustellen.<\/p>","protected":false},"excerpt":{"rendered":"<p>Relaxation massages are especially important in today's busy world.<\/p>","protected":false},"featured_media":8522,"template":"","meta":[],"product_cat":[19],"product_tag":[56],"_links":{"self":[{"href":"https:\/\/cataleya-massage.com\/en\/wp-json\/wp\/v2\/product\/757"}],"collection":[{"href":"https:\/\/cataleya-massage.com\/en\/wp-json\/wp\/v2\/product"}],"about":[{"href":"https:\/\/cataleya-massage.com\/en\/wp-json\/wp\/v2\/types\/product"}],"wp:featuredmedia":[{"embeddable":true,"href":"https:\/\/cataleya-massage.com\/en\/wp-json\/wp\/v2\/media\/8522"}],"wp:attachment":[{"href":"https:\/\/cataleya-massage.com\/en\/wp-json\/wp\/v2\/media?parent=757"}],"wp:term":[{"taxonomy":"product_cat","embeddable":true,"href":"https:\/\/cataleya-massage.com\/en\/wp-json\/wp\/v2\/product_cat?post=757"},{"taxonomy":"product_tag","embeddable":true,"href":"https:\/\/cataleya-massage.com\/en\/wp-json\/wp\/v2\/product_tag?post=757"}],"curies":[{"name":"wp","href":"https:\/\/api.w.org\/{rel}","templated":true}]}}