{"id":762,"date":"2020-12-11T02:15:12","date_gmt":"2020-12-11T01:15:12","guid":{"rendered":"https:\/\/wip.themulti.eu\/?post_type=product&#038;p=762"},"modified":"2024-08-31T13:45:45","modified_gmt":"2024-08-31T11:45:45","slug":"hawaiianische-massage-ganzkorpermassage","status":"publish","type":"product","link":"https:\/\/cataleya-massage.com\/en\/product\/hawaiianische-massage-ganzkorpermassage\/","title":{"rendered":"Hawaiian massage"},"content":{"rendered":"<p>Die Massage besteht aus der Anwendung spezieller Techniken, die auf dem hawaiianischen Tanz basieren. Rhythmisch und energisch. Die Masseurin benutzt nicht nur Finger und H\u00e4nde, sondern vor allem den GANZEN K\u00d6RPER, indem sie ihr eigenes Gewicht und sanfte Bewegungen des ganzen K\u00f6rpers einsetzt.<\/p>","protected":false},"excerpt":{"rendered":"<p>Die Massage besteht aus der Anwendung spezieller Techniken, die auf dem hawaiianischen Tanz basieren. Rhythmisch und energisch. Die Masseurin benutzt [&hellip;]<\/p>","protected":false},"featured_media":8521,"template":"","meta":[],"product_cat":[19],"product_tag":[],"_links":{"self":[{"href":"https:\/\/cataleya-massage.com\/en\/wp-json\/wp\/v2\/product\/762"}],"collection":[{"href":"https:\/\/cataleya-massage.com\/en\/wp-json\/wp\/v2\/product"}],"about":[{"href":"https:\/\/cataleya-massage.com\/en\/wp-json\/wp\/v2\/types\/product"}],"wp:featuredmedia":[{"embeddable":true,"href":"https:\/\/cataleya-massage.com\/en\/wp-json\/wp\/v2\/media\/8521"}],"wp:attachment":[{"href":"https:\/\/cataleya-massage.com\/en\/wp-json\/wp\/v2\/media?parent=762"}],"wp:term":[{"taxonomy":"product_cat","embeddable":true,"href":"https:\/\/cataleya-massage.com\/en\/wp-json\/wp\/v2\/product_cat?post=762"},{"taxonomy":"product_tag","embeddable":true,"href":"https:\/\/cataleya-massage.com\/en\/wp-json\/wp\/v2\/product_tag?post=762"}],"curies":[{"name":"wp","href":"https:\/\/api.w.org\/{rel}","templated":true}]}}