{"id":862,"date":"2020-12-13T22:28:02","date_gmt":"2020-12-13T21:28:02","guid":{"rendered":"https:\/\/masazeusti.cz\/?post_type=product&#038;p=862"},"modified":"2024-04-07T15:40:56","modified_gmt":"2024-04-07T13:40:56","slug":"daukarte-10-x-eintritt","status":"publish","type":"product","link":"https:\/\/cataleya-massage.com\/en\/product\/daukarte-10-x-eintritt\/","title":{"rendered":"Dauerkarte f\u00fcr 10 Eintritt"},"content":{"rendered":"<p>Die P\u00e4sse sind \u00fcbertragbar und <strong>3 Jahre<\/strong> lang g\u00fcltig. Die P\u00e4sse gelten f\u00fcr <strong>10 Eintritte<\/strong>. Die P\u00e4sse gelten f\u00fcr Massagen Ihrer Wahl:<\/p>\n<ul>\n<li>Traditional Thai massage<\/li>\n<li>Thai oil massage<\/li>\n<li>Back and neck massage<\/li>\n<li>Bein- und Fu\u00dfmassage<\/li>\n<li>Kopfmassage<\/li>\n<\/ul>","protected":false},"excerpt":{"rendered":"<p>Die P\u00e4sse sind \u00fcbertragbar und 3 Jahre lang g\u00fcltig. Die P\u00e4sse gelten f\u00fcr 10 Eintritte. Die P\u00e4sse gelten f\u00fcr Massagen [&hellip;]<\/p>","protected":false},"featured_media":8535,"template":"","meta":[],"product_cat":[28],"product_tag":[],"_links":{"self":[{"href":"https:\/\/cataleya-massage.com\/en\/wp-json\/wp\/v2\/product\/862"}],"collection":[{"href":"https:\/\/cataleya-massage.com\/en\/wp-json\/wp\/v2\/product"}],"about":[{"href":"https:\/\/cataleya-massage.com\/en\/wp-json\/wp\/v2\/types\/product"}],"wp:featuredmedia":[{"embeddable":true,"href":"https:\/\/cataleya-massage.com\/en\/wp-json\/wp\/v2\/media\/8535"}],"wp:attachment":[{"href":"https:\/\/cataleya-massage.com\/en\/wp-json\/wp\/v2\/media?parent=862"}],"wp:term":[{"taxonomy":"product_cat","embeddable":true,"href":"https:\/\/cataleya-massage.com\/en\/wp-json\/wp\/v2\/product_cat?post=862"},{"taxonomy":"product_tag","embeddable":true,"href":"https:\/\/cataleya-massage.com\/en\/wp-json\/wp\/v2\/product_tag?post=862"}],"curies":[{"name":"wp","href":"https:\/\/api.w.org\/{rel}","templated":true}]}}